{"id":538,"date":"2018-11-26T12:45:57","date_gmt":"2018-11-26T12:45:57","guid":{"rendered":"https:\/\/chelm.uni-saarland.de\/about\/"},"modified":"2024-01-17T12:53:46","modified_gmt":"2024-01-17T11:53:46","slug":"about","status":"publish","type":"page","link":"https:\/\/chelm.uni-saarland.de\/public\/about\/","title":{"rendered":"About"},"content":{"rendered":"<p>[chelmag]\t\t<\/p>\n<style>\/*! elementor - v3.18.0 - 20-12-2023 *\/\n.elementor-heading-title{padding:0;margin:0;line-height:1}.elementor-widget-heading .elementor-heading-title[class*=elementor-size-]>a{color:inherit;font-size:inherit;line-height:inherit}.elementor-widget-heading .elementor-heading-title.elementor-size-small{font-size:15px}.elementor-widget-heading .elementor-heading-title.elementor-size-medium{font-size:19px}.elementor-widget-heading .elementor-heading-title.elementor-size-large{font-size:29px}.elementor-widget-heading .elementor-heading-title.elementor-size-xl{font-size:39px}.elementor-widget-heading .elementor-heading-title.elementor-size-xxl{font-size:59px}<\/style>\n<h1>About Us<\/h1>\n<style>\/*! elementor - v3.18.0 - 20-12-2023 *\/\n.elementor-column .elementor-spacer-inner{height:var(--spacer-size)}.e-con{--container-widget-width:100%}.e-con-inner>.elementor-widget-spacer,.e-con>.elementor-widget-spacer{width:var(--container-widget-width,var(--spacer-size));--align-self:var(--container-widget-align-self,initial);--flex-shrink:0}.e-con-inner>.elementor-widget-spacer>.elementor-widget-container,.e-con>.elementor-widget-spacer>.elementor-widget-container{height:100%;width:100%}.e-con-inner>.elementor-widget-spacer>.elementor-widget-container>.elementor-spacer,.e-con>.elementor-widget-spacer>.elementor-widget-container>.elementor-spacer{height:100%}.e-con-inner>.elementor-widget-spacer>.elementor-widget-container>.elementor-spacer>.elementor-spacer-inner,.e-con>.elementor-widget-spacer>.elementor-widget-container>.elementor-spacer>.elementor-spacer-inner{height:var(--container-widget-height,var(--spacer-size))}.e-con-inner>.elementor-widget-spacer.elementor-widget-empty,.e-con>.elementor-widget-spacer.elementor-widget-empty{position:relative;min-height:22px;min-width:22px}.e-con-inner>.elementor-widget-spacer.elementor-widget-empty .elementor-widget-empty-icon,.e-con>.elementor-widget-spacer.elementor-widget-empty .elementor-widget-empty-icon{position:absolute;top:0;bottom:0;left:0;right:0;margin:auto;padding:0;width:22px;height:22px}<\/style>\n<h2>Collaborative Hub for Education &amp; Learning in Medicine<\/h2>\n<p dir=\"ltr\" style=\"line-height: 1.38; margin-top: 0pt; margin-bottom: 0pt;\">Das \u201cCollaborative Hub for Education &amp; Learning in Medicine\u201d ist eine von Dr. med. Marvin Mergen im M\u00e4rz 2022 gegr\u00fcndete Arbeitsgruppe, die sich zum Ziel gesetzt hat, Studierenden der Medizinischen Fakult\u00e4t des Saarlandes einen praktischen Begleiter w\u00e4hrend ihres Medizinstudiums zu bieten.&nbsp;<\/p>\n<p dir=\"ltr\" style=\"line-height: 1.38; margin-top: 15pt; margin-bottom: 15pt;\">Dies umfasst neben der Verlinkung praktischer Tools im Bereich E-Learning auch eigene Checklisten und Leitf\u00e4den zu wichtigen Themen, wie dem Praktischen Jahr (PJ), den Examina und der Promotion, sowie Video- Tutorials z.B. zum Einrichten einer VPN-Verbindung, zur Nutzung von LSF oder der Installation der Unimail auf dem Smartphone.<\/p>\n<p dir=\"ltr\" style=\"line-height: 1.38; margin-top: 15pt; margin-bottom: 15pt;\">In unserer Promotionsb\u00f6rse haben Studierende zudem die M\u00f6glichkeit, Gesuche f\u00fcr Doktorarbeiten zu ver\u00f6ffentlichen und Anbieter von Dissertationen k\u00f6nnen hier ihre Themen inkl. Eckdaten und eigenen Flyern inserieren.&nbsp;<\/p>\n<p dir=\"ltr\" style=\"line-height: 1.38; margin-top: 15pt; margin-bottom: 15pt;\">Um euch den Studienalltag weiter zu erleichtern, bieten wir au\u00dferdem einen importierbaren Klausurkalender f\u00fcr alle Semester an. Zudem finden sich auf unserer Website unter Unileben Links zum Mensa\/Personalkasino-Speiseplan, UKS-Lageplan, der Bibliothek und weitere n\u00fctzliche Informationen.<\/p>\n<p dir=\"ltr\" style=\"line-height: 1.38; margin-top: 15pt; margin-bottom: 15pt;\">In unserem Erfahrungsberichte-Forum k\u00f6nnt ihr euch z.B. \u00fcber die Klausurvorbereitung in den jeweiligen Semestern austauschen.<\/p>\n<p dir=\"ltr\" style=\"line-height: 1.38; margin-top: 15pt; margin-bottom: 15pt;\">Unter dem Reiter News bekommt ihr regelm\u00e4\u00dfig interessante Neuigkeiten zu Veranstaltungen\/Studien oder neuen Features.<\/p>\n<p dir=\"ltr\" style=\"line-height: 1.38; margin-top: 15pt; margin-bottom: 15pt;\">Es ist wichtig zu betonen, dass CHELM unabh\u00e4ngig von der Medizinischen Fakult\u00e4t agiert und keine Haftung f\u00fcr die Richtigkeit und Aktualit\u00e4t der bereitgestellten Inhalte \u00fcbernimmt.<\/p>\n<p dir=\"ltr\" style=\"line-height: 1.38; margin-top: 15pt; margin-bottom: 15pt;\">Solltet ihr weitere Ideen f\u00fcr Inhalte oder Verbesserungen haben, schreibt uns gerne eine Nachricht \u00fcber das Kontaktformular.&nbsp;<\/p>\n<p dir=\"ltr\" style=\"line-height: 1.38; margin-top: 15pt; margin-bottom: 15pt;\">Beste Gr\u00fc\u00dfe<\/p>\n<p dir=\"ltr\" style=\"line-height: 1.38; margin-top: 15pt; margin-bottom: 15pt;\">Dr. Marvin Mergen &amp; die CHELM-AG<\/p>\n<p dir=\"ltr\" style=\"line-height: 1.38; margin-top: 15pt; margin-bottom: 15pt;\"><\/p>\n<p dir=\"ltr\" style=\"line-height: 1.38; margin-top: 15pt; margin-bottom: 15pt;\">PS. CHELM gibt es \u00fcbrigens auch als App im iOS-Appstore (&amp; bald auch im Google Play-Store) <\/p>\n<p><br style=\"caret-color: rgb(0, 0, 0); color: rgb(0, 0, 0);\"><\/p>\n<p style=\"caret-color: #000000; color: #000000; font-style: normal; margin-top: 0pt; margin-bottom: 0pt; margin-left: 0in; direction: ltr; unicode-bidi: embed; word-break: normal;\">\n<h3>Verfolge unsere Entwicklung.<\/h3>\n<p>\t\t\t<a href=\"https:\/\/chelm.uni-saarland.de\/public\/public\/news\/\"><br \/>\n\t\t\t\t\t\tNews<br \/>\n\t\t\t\t\t<\/a><\/p>\n","protected":false},"excerpt":{"rendered":"<p>[chelmag] About Us Collaborative Hub for Education &amp; Learning in Medicine Das \u201cCollaborative Hub for Education &amp; Learning in Medicine\u201d ist eine von Dr. med. Marvin Mergen im M\u00e4rz 2022 gegr\u00fcndete Arbeitsgruppe, die sich zum Ziel gesetzt hat, Studierenden der Medizinischen Fakult\u00e4t des Saarlandes einen praktischen Begleiter w\u00e4hrend ihres Medizinstudiums zu bieten.&nbsp; Dies umfasst neben &hellip;<\/p>\n<p class=\"read-more\"> <a class=\"\" href=\"https:\/\/chelm.uni-saarland.de\/public\/about\/\"> <span class=\"screen-reader-text\">About<\/span> Weiterlesen &raquo;<\/a><\/p>\n","protected":false},"author":3,"featured_media":5348,"parent":0,"menu_order":0,"comment_status":"closed","ping_status":"closed","template":"","meta":{"site-sidebar-layout":"no-sidebar","site-content-layout":"page-builder","ast-global-header-display":"","ast-main-header-display":"","ast-hfb-above-header-display":"","ast-hfb-below-header-display":"","ast-hfb-mobile-header-display":"","site-post-title":"disabled","ast-breadcrumbs-content":"","ast-featured-img":"disabled","footer-sml-layout":"","theme-transparent-header-meta":"enabled","adv-header-id-meta":"","stick-header-meta":"","header-above-stick-meta":"","header-main-stick-meta":"","header-below-stick-meta":"","footnotes":""},"class_list":["post-538","page","type-page","status-publish","has-post-thumbnail","hentry"],"_links":{"self":[{"href":"https:\/\/chelm.uni-saarland.de\/public\/wp-json\/wp\/v2\/pages\/538","targetHints":{"allow":["GET"]}}],"collection":[{"href":"https:\/\/chelm.uni-saarland.de\/public\/wp-json\/wp\/v2\/pages"}],"about":[{"href":"https:\/\/chelm.uni-saarland.de\/public\/wp-json\/wp\/v2\/types\/page"}],"author":[{"embeddable":true,"href":"https:\/\/chelm.uni-saarland.de\/public\/wp-json\/wp\/v2\/users\/3"}],"replies":[{"embeddable":true,"href":"https:\/\/chelm.uni-saarland.de\/public\/wp-json\/wp\/v2\/comments?post=538"}],"version-history":[{"count":167,"href":"https:\/\/chelm.uni-saarland.de\/public\/wp-json\/wp\/v2\/pages\/538\/revisions"}],"predecessor-version":[{"id":8977,"href":"https:\/\/chelm.uni-saarland.de\/public\/wp-json\/wp\/v2\/pages\/538\/revisions\/8977"}],"wp:featuredmedia":[{"embeddable":true,"href":"https:\/\/chelm.uni-saarland.de\/public\/wp-json\/wp\/v2\/media\/5348"}],"wp:attachment":[{"href":"https:\/\/chelm.uni-saarland.de\/public\/wp-json\/wp\/v2\/media?parent=538"}],"curies":[{"name":"wp","href":"https:\/\/api.w.org\/{rel}","templated":true}]}}