{"id":3877,"date":"2022-05-05T16:29:44","date_gmt":"2022-05-05T14:29:44","guid":{"rendered":"https:\/\/chelm.uni-saarland.de\/?page_id=3877"},"modified":"2023-08-29T13:23:31","modified_gmt":"2023-08-29T11:23:31","slug":"nuetzliche-websites","status":"publish","type":"page","link":"https:\/\/chelm.uni-saarland.de\/public\/nuetzliche-websites\/","title":{"rendered":"N\u00fctzliche Websites"},"content":{"rendered":"<p>[chelmag]<\/p>\n\n\n\n<div style=\"height:30px\" aria-hidden=\"true\" class=\"wp-block-spacer\"><\/div>\n\n\n\n<p style=\"font-size:24px\">Im Laufe deines Studiums wirst du eine Menge Informationen aus dem Internet ben\u00f6tigen. Wir geben unser Bestes, die meisten Informationen auf der <strong>CHELM-Website<\/strong> zusammenzufassen. Falls du hier mal nicht weiter kommst, findest du vielleicht auf einer der unten stehenden Seiten das, wonach du suchst. Du kannst uns auch gerne \u00fcber das <a href=\"https:\/\/chelm.uni-saarland.de\/public\/contact\/\"><strong>Kontaktformular<\/strong> <\/a>mitteilen, wenn du eine wichtige Information vermisst.<\/p>\n\n\n\n<hr>\n\n\n\n<div class=\"wp-block-media-text alignwide is-stacked-on-mobile\" style=\"grid-template-columns:36% auto\"><figure class=\"wp-block-media-text__media\"><a href=\"https:\/\/uni-saarland.de\"><img loading=\"lazy\" decoding=\"async\" width=\"1024\" height=\"414\" src=\"https:\/\/chelm.uni-saarland.de\/wp-content\/uploads\/2022\/05\/UDS-1-1024x414.png\" alt=\"\" class=\"wp-image-3879 size-full\" srcset=\"https:\/\/chelm.uni-saarland.de\/public\/wp-content\/uploads\/2022\/05\/UDS-1-1024x414.png 1024w, https:\/\/chelm.uni-saarland.de\/public\/wp-content\/uploads\/2022\/05\/UDS-1-300x121.png 300w, https:\/\/chelm.uni-saarland.de\/public\/wp-content\/uploads\/2022\/05\/UDS-1-768x310.png 768w, https:\/\/chelm.uni-saarland.de\/public\/wp-content\/uploads\/2022\/05\/UDS-1.png 1200w\" sizes=\"auto, (max-width: 1024px) 100vw, 1024px\" \/><\/a><\/figure><div class=\"wp-block-media-text__content\">\n<p style=\"font-size:24px\">Auf der <strong><a href=\"http:\/\/uni-saarland.de\" target=\"_blank\" rel=\"noopener\" title=\"\">Universit\u00e4ts-Website<\/a><\/strong> erh\u00e4ltst du viele Informationen zum Studium, der Universit\u00e4t und der Forschung. Zum Beispiel findest du dort Lagepl\u00e4ne der Campus, oder Informationen zu Forschungsprojekten.<\/p>\n\n\n\n<p style=\"font-size:24px\">Au\u00dferdem findest du dort eine Seite mit Informationen Rund um das Thema <a href=\"https:\/\/www.uni-saarland.de\/studium\/organisation\/finanzierung\/stipendien.html\" target=\"_blank\" rel=\"noopener\" title=\"\"><strong>Stipendien<\/strong><\/a>.<\/p>\n<\/div><\/div>\n\n\n\n<hr>\n\n\n\n<div class=\"wp-block-media-text alignwide has-media-on-the-right is-stacked-on-mobile\" style=\"grid-template-columns:auto 34%\"><div class=\"wp-block-media-text__content\">\n<p style=\"font-size:24px\">Das <strong>Institut f\u00fcr medizinische und pharmazeutische Pr\u00fcfungsfragen (<a href=\"http:\/\/impp.de\" target=\"_blank\" rel=\"noopener\" title=\"\">IMPP<\/a>)<\/strong> erstellt die Pr\u00fcfungsaufgaben f\u00fcr die Staatsexamina und wertet die Antwortb\u00f6gen aus. Die Website beinhaltet unter anderem die Ergebnisse der letzten Jahre.<\/p>\n<\/div><figure class=\"wp-block-media-text__media\"><a href=\"https:\/\/www.impp.de\"><img loading=\"lazy\" decoding=\"async\" width=\"1024\" height=\"747\" src=\"https:\/\/chelm.uni-saarland.de\/wp-content\/uploads\/2022\/05\/impp-1024x747.png\" alt=\"\" class=\"wp-image-3891 size-full\" srcset=\"https:\/\/chelm.uni-saarland.de\/public\/wp-content\/uploads\/2022\/05\/impp-1024x747.png 1024w, https:\/\/chelm.uni-saarland.de\/public\/wp-content\/uploads\/2022\/05\/impp-300x219.png 300w, https:\/\/chelm.uni-saarland.de\/public\/wp-content\/uploads\/2022\/05\/impp-768x560.png 768w, https:\/\/chelm.uni-saarland.de\/public\/wp-content\/uploads\/2022\/05\/impp-1536x1120.png 1536w, https:\/\/chelm.uni-saarland.de\/public\/wp-content\/uploads\/2022\/05\/impp.png 1775w\" sizes=\"auto, (max-width: 1024px) 100vw, 1024px\" \/><\/a><\/figure><\/div>\n\n\n\n<hr>\n\n\n\n<div class=\"wp-block-media-text alignwide is-stacked-on-mobile\" style=\"grid-template-columns:22% auto\"><figure class=\"wp-block-media-text__media\"><a href=\"https:\/\/mzmh.de\"><img loading=\"lazy\" decoding=\"async\" width=\"1024\" height=\"1024\" src=\"https:\/\/chelm.uni-saarland.de\/wp-content\/uploads\/2022\/05\/mzmh-1024x1024.jpg\" alt=\"\" class=\"wp-image-3892 size-full\" srcset=\"https:\/\/chelm.uni-saarland.de\/public\/wp-content\/uploads\/2022\/05\/mzmh-1024x1024.jpg 1024w, https:\/\/chelm.uni-saarland.de\/public\/wp-content\/uploads\/2022\/05\/mzmh-300x300.jpg 300w, https:\/\/chelm.uni-saarland.de\/public\/wp-content\/uploads\/2022\/05\/mzmh-150x150.jpg 150w, https:\/\/chelm.uni-saarland.de\/public\/wp-content\/uploads\/2022\/05\/mzmh-768x768.jpg 768w, https:\/\/chelm.uni-saarland.de\/public\/wp-content\/uploads\/2022\/05\/mzmh.jpg 1250w\" sizes=\"auto, (max-width: 1024px) 100vw, 1024px\" \/><\/a><\/figure><div class=\"wp-block-media-text__content\">\n<p style=\"font-size:24px\">Auf der Website der <a href=\"http:\/\/mzmh.de\" target=\"_blank\" rel=\"noopener\" title=\"\"><strong>Fachschaften Medizin und<\/strong> <strong>Zahnmedizin<\/strong><\/a> findest du nach dem Einloggen mit deiner Uni-Kennung eine Datenbank mit vielen sehr n\u00fctzlichen Informationen zur Vorbereitung auf Klausuren und Pr\u00fcfungen. Au\u00dferdem dargestellt sind Infos zu verschiedenen Projekten, z.B. Uni-Triathlon, First Aid For All, die Teddyklinik und Mit Sicherheit Verliebt.<\/p>\n<\/div><\/div>\n\n\n\n<hr>\n\n\n\n<div class=\"wp-block-media-text alignwide has-media-on-the-right is-stacked-on-mobile\" style=\"grid-template-columns:auto 28%\"><div class=\"wp-block-media-text__content\">\n<p style=\"font-size:24px\">Das <strong>Landespr\u00fcfungsamt (<a href=\"https:\/\/www.saarland.de\/las\/DE\/themen\/gesundheitsberufe\/gesundheitsberufe_node.html\" target=\"_blank\" rel=\"noopener\" title=\"\">LPA<\/a>) <\/strong>hat die Aufgabe, die Staatsexamina anzuerkennen, sowie die Zeugnisse zu erstellen. Die Merkbl\u00e4tter zur Examensanmeldung findest du auch <a href=\"https:\/\/chelm.uni-saarland.de\/staatsexamen\/\" target=\"_blank\" rel=\"noreferrer noopener\">hier<\/a> auf CHELM.<\/p>\n<\/div><figure class=\"wp-block-media-text__media\"><a href=\"https:\/\/www.saarland.de\/las\/DE\/themen\/gesundheitsberufe\/gesundheitsberufe_node.html\"><img loading=\"lazy\" decoding=\"async\" width=\"500\" height=\"500\" src=\"https:\/\/chelm.uni-saarland.de\/wp-content\/uploads\/2022\/05\/saarland-1.jpg\" alt=\"\" class=\"wp-image-3885 size-full\" srcset=\"https:\/\/chelm.uni-saarland.de\/public\/wp-content\/uploads\/2022\/05\/saarland-1.jpg 500w, https:\/\/chelm.uni-saarland.de\/public\/wp-content\/uploads\/2022\/05\/saarland-1-300x300.jpg 300w, https:\/\/chelm.uni-saarland.de\/public\/wp-content\/uploads\/2022\/05\/saarland-1-150x150.jpg 150w\" sizes=\"auto, (max-width: 500px) 100vw, 500px\" \/><\/a><\/figure><\/div>\n\n\n\n<hr>\n\n\n\n<div class=\"wp-block-media-text alignwide is-stacked-on-mobile\" style=\"grid-template-columns:46% auto\"><figure class=\"wp-block-media-text__media\"><a href=\"https:\/\/www.uks.eu\/de\/\"><img loading=\"lazy\" decoding=\"async\" width=\"1024\" height=\"243\" src=\"https:\/\/chelm.uni-saarland.de\/wp-content\/uploads\/2022\/05\/UKS-1-1024x243.png\" alt=\"\" class=\"wp-image-3887 size-full\" srcset=\"https:\/\/chelm.uni-saarland.de\/public\/wp-content\/uploads\/2022\/05\/UKS-1-1024x243.png 1024w, https:\/\/chelm.uni-saarland.de\/public\/wp-content\/uploads\/2022\/05\/UKS-1-300x71.png 300w, https:\/\/chelm.uni-saarland.de\/public\/wp-content\/uploads\/2022\/05\/UKS-1-768x182.png 768w, https:\/\/chelm.uni-saarland.de\/public\/wp-content\/uploads\/2022\/05\/UKS-1.png 1280w\" sizes=\"auto, (max-width: 1024px) 100vw, 1024px\" \/><\/a><\/figure><div class=\"wp-block-media-text__content\">\n<p style=\"font-size:24px\">Auf der <strong><a href=\"http:\/\/uks.eu\" target=\"_blank\" rel=\"noopener\" title=\"\">Website der Uniklinik<\/a><\/strong> findest du neben Informationen zu allen klinischen Einrichtungen am Campus Homburg auch weiteres zu den Themen Forschung und Lehre. <\/p>\n<\/div><\/div>\n\n\n\n<hr>\n\n\n\n<div class=\"wp-block-media-text alignwide has-media-on-the-right is-stacked-on-mobile\" style=\"grid-template-columns:auto 31%\"><div class=\"wp-block-media-text__content\">\n<p style=\"font-size:24px\">Du studierst noch nicht bei uns? Dann bewirb dich \u00fcber <a href=\"http:\/\/hochschulstart.de\" target=\"_blank\" rel=\"noopener\" title=\"\"><strong>Hochschulstart<\/strong> <\/a>f\u00fcr das n\u00e4chste Wintersemester! \ud83d\ude42 <\/p>\n<\/div><figure class=\"wp-block-media-text__media\"><a href=\"https:\/\/hochschulstart.de\/\"><img loading=\"lazy\" decoding=\"async\" width=\"387\" height=\"130\" src=\"https:\/\/chelm.uni-saarland.de\/wp-content\/uploads\/2022\/05\/hochschulstart.png\" alt=\"\" class=\"wp-image-3895 size-full\" srcset=\"https:\/\/chelm.uni-saarland.de\/public\/wp-content\/uploads\/2022\/05\/hochschulstart.png 387w, https:\/\/chelm.uni-saarland.de\/public\/wp-content\/uploads\/2022\/05\/hochschulstart-300x101.png 300w\" sizes=\"auto, (max-width: 387px) 100vw, 387px\" \/><\/a><\/figure><\/div>\n\n\n\n<hr>\n\n\n\n<p style=\"font-size:24px\">Schon versucht, BAf\u00f6G zu beantragen? <a href=\"https:\/\/www.uni-saarland.de\/studium\/organisation\/finanzierung\/bafoeg.html\" title=\"Hier \"><strong>Hier<\/strong><\/a> findest du alle n\u00f6tigen Informationen, <strong><a href=\"https:\/\/www.xn--bafg-7qa.de\/bafoeg\/de\/antrag-stellen\/alle-antragsformulare\/alle-antragsformulare_node.html\" title=\"Antr\u00e4ge \">Antr\u00e4ge<\/a><\/strong> und einen <a href=\"https:\/\/www.bafoeg-rechner.de\/Rechner\/\" title=\" BAf\u00f6G Rechner \"><strong>BAf\u00f6G Rechner<\/strong><\/a>. Mit diesen Tools wird dir die Finanzierung deines Studiums keine Probleme mehr bereiten. \ud83d\ude09 <\/p>\n","protected":false},"excerpt":{"rendered":"<p>Im Laufe deines Studiums wirst du eine Menge Informationen aus dem Internet ben\u00f6tigen. Wir geben unser Bestes, die meisten Informationen auf der CHELM-Website zusammenzufassen. Falls du hier mal nicht weiter kommst, findest du vielleicht auf einer der unten stehenden Seiten das, wonach du suchst. Du kannst uns auch gerne \u00fcber das Kontaktformular mitteilen, wenn du &hellip;<\/p>\n<p class=\"read-more\"> <a class=\"\" href=\"https:\/\/chelm.uni-saarland.de\/public\/nuetzliche-websites\/\"> <span class=\"screen-reader-text\">N\u00fctzliche Websites<\/span> Weiterlesen &raquo;<\/a><\/p>\n","protected":false},"author":5,"featured_media":5348,"parent":0,"menu_order":0,"comment_status":"closed","ping_status":"closed","template":"","meta":{"site-sidebar-layout":"default","site-content-layout":"default","ast-global-header-display":"","ast-main-header-display":"","ast-hfb-above-header-display":"","ast-hfb-below-header-display":"","ast-hfb-mobile-header-display":"","site-post-title":"","ast-breadcrumbs-content":"","ast-featured-img":"","footer-sml-layout":"","theme-transparent-header-meta":"","adv-header-id-meta":"","stick-header-meta":"","header-above-stick-meta":"","header-main-stick-meta":"","header-below-stick-meta":"","footnotes":""},"class_list":["post-3877","page","type-page","status-publish","has-post-thumbnail","hentry"],"_links":{"self":[{"href":"https:\/\/chelm.uni-saarland.de\/public\/wp-json\/wp\/v2\/pages\/3877","targetHints":{"allow":["GET"]}}],"collection":[{"href":"https:\/\/chelm.uni-saarland.de\/public\/wp-json\/wp\/v2\/pages"}],"about":[{"href":"https:\/\/chelm.uni-saarland.de\/public\/wp-json\/wp\/v2\/types\/page"}],"author":[{"embeddable":true,"href":"https:\/\/chelm.uni-saarland.de\/public\/wp-json\/wp\/v2\/users\/5"}],"replies":[{"embeddable":true,"href":"https:\/\/chelm.uni-saarland.de\/public\/wp-json\/wp\/v2\/comments?post=3877"}],"version-history":[{"count":25,"href":"https:\/\/chelm.uni-saarland.de\/public\/wp-json\/wp\/v2\/pages\/3877\/revisions"}],"predecessor-version":[{"id":7768,"href":"https:\/\/chelm.uni-saarland.de\/public\/wp-json\/wp\/v2\/pages\/3877\/revisions\/7768"}],"wp:featuredmedia":[{"embeddable":true,"href":"https:\/\/chelm.uni-saarland.de\/public\/wp-json\/wp\/v2\/media\/5348"}],"wp:attachment":[{"href":"https:\/\/chelm.uni-saarland.de\/public\/wp-json\/wp\/v2\/media?parent=3877"}],"curies":[{"name":"wp","href":"https:\/\/api.w.org\/{rel}","templated":true}]}}