{"id":2354,"date":"2022-02-08T14:44:06","date_gmt":"2022-02-08T13:44:06","guid":{"rendered":"https:\/\/chelm.uni-saarland.de\/?page_id=2354"},"modified":"2023-10-17T12:44:23","modified_gmt":"2023-10-17T10:44:23","slug":"zahnmedizin-2","status":"publish","type":"page","link":"https:\/\/chelm.uni-saarland.de\/public\/zahnmedizin-2\/","title":{"rendered":"Zahnmedizin"},"content":{"rendered":"\n<p class=\"has-text-align-center has-vivid-green-cyan-color has-text-color has-medium-font-size\"><strong>Disclaimer: Die CHELM-Seiten der Zahnmedizin sind noch nicht vollst\u00e4ndig und aktuell. <\/strong><br><strong>Wir arbeiten dran! \ud83d\ude42<\/strong> Als Tipp kann man sagen, in der Vorklinik haben Human- und Zahnmedizin die meisten F\u00e4cher zusammen, also schaut gerne mal bei der <a href=\"https:\/\/chelm.uni-saarland.de\/public\/humanmedizin\/vorklinik-2\/\" title=\"\"><strong>Vorklinik<\/strong> <\/a>der Humanmediziner vorbei<\/p>\n\n\n\n<hr class=\"wp-block-separator has-text-color has-ast-global-color-6-color has-css-opacity has-ast-global-color-6-background-color has-background is-style-wide\"\/>\n\n\n\n<div class=\"wp-block-columns is-layout-flex wp-container-core-columns-is-layout-28f84493 wp-block-columns-is-layout-flex\">\n<div class=\"wp-block-column is-layout-flow wp-block-column-is-layout-flow\"><p>[btn color=&#8220;vorklinik&#8220; label=&#8220;F\u00e4cher\u00fcbersicht Vorklinik&#8220; fontsize=&#8220;20px&#8220; link=&#8220;https:\/\/www.uniklinikum-saarland.de\/fileadmin\/UKS\/Lehre\/Studiengaenge\/Zahnmedizin\/_ZM_Curriculum_Uebersicht_1-4_Sem_Stand_Maerz_2023.pdf&#8220; ]<\/p>\n<\/div>\n\n\n\n<div class=\"wp-block-column is-layout-flow wp-block-column-is-layout-flow\"><p>[btn color=&#8220;vorklinik&#8220; label=&#8220;F\u00e4cher\u00fcbersicht Klinische Prop\u00e4deutik&#8220; fontsize=&#8220;20px&#8220; link=&#8220;https:\/\/www.uniklinikum-saarland.de\/fileadmin\/UKS\/Lehre\/Studiengaenge\/Zahnmedizin\/_ZM_Curriculum_UEbersicht_5-6_Sem_Stand_Mai_2022.pdf&#8220; ]<\/p>\n<\/div>\n\n\n\n<div class=\"wp-block-column is-layout-flow wp-block-column-is-layout-flow\"><p>[btn color=&#8220;vorklinik&#8220; label=&#8220;Vorklinik F\u00e4cher Wintersemester&#8220; fontsize=&#8220;20px&#8220; link=&#8220;https:\/\/www.uniklinikum-saarland.de\/de\/lehre\/zahnmedizin\/vorklinischer_teil\/uebersicht_faecher_ws_202021&#8243; ]<\/p>\n<\/div>\n\n\n\n<div class=\"wp-block-column is-layout-flow wp-block-column-is-layout-flow\"><p>[btn color=&#8220;vorklinik&#8220; label=&#8220;Vorklinik F\u00e4cher Sommersemester&#8220; fontsize=&#8220;20px&#8220; link=&#8220;https:\/\/www.uniklinikum-saarland.de\/de\/lehre\/zahnmedizin\/vorklinischer_teil\/uebersicht_faecher_ss_2022&#8243; ]<\/p>\n<\/div>\n<\/div>\n\n\n<p>[btn color=&#8220;Vorklinik&#8220; label=&#8220;Wahlf\u00e4cher Vorklinik&#8220; newtab=&#8220;true&#8220;   size=&#8220;superslim&#8220; fontsize=&#8220;20px&#8220; link=&#8220;https:\/\/www.uniklinikum-saarland.de\/de\/lehre\/humanmedizin\/1_studienabschnitt\/uebersicht_faecher_ss_2023\/#c101183&#8243; ]<\/p>\n\n\n\n<div class=\"wp-block-columns is-layout-flex wp-container-core-columns-is-layout-28f84493 wp-block-columns-is-layout-flex\">\n<div class=\"wp-block-column is-layout-flow wp-block-column-is-layout-flow\">\n<div class=\"wp-block-columns is-not-stacked-on-mobile is-layout-flex wp-container-core-columns-is-layout-28f84493 wp-block-columns-is-layout-flex\">\n<div class=\"wp-block-column is-layout-flow wp-block-column-is-layout-flow\">\n<div class=\"wp-block-columns is-layout-flex wp-container-core-columns-is-layout-28f84493 wp-block-columns-is-layout-flex\">\n<div class=\"wp-block-column is-layout-flow wp-block-column-is-layout-flow\"><p>[btn color=&#8220;s1&#8243; label=&#8220;1. Semester&#8220; fontsize=&#8220;20px&#8220; link=&#8220;https:\/\/chelm.uni-saarland.de\/public\/zahnmedizin-2\/1-semester-zahnmedizin\/&#8220; ]<\/p>\n<\/div>\n\n\n\n<div class=\"wp-block-column is-layout-flow wp-block-column-is-layout-flow\"><p>[btn color=&#8220;s2&#8243; label=&#8220;2. Semester&#8220; fontsize=&#8220;20px&#8220; link=&#8220;https:\/\/chelm.uni-saarland.de\/public\/zahnmedizin-2\/2-semester-zahnmedizin\/&#8220; ]<\/p>\n<\/div>\n<\/div>\n<\/div>\n\n\n\n<div class=\"wp-block-column is-layout-flow wp-block-column-is-layout-flow\">\n<div class=\"wp-block-columns is-layout-flex wp-container-core-columns-is-layout-28f84493 wp-block-columns-is-layout-flex\">\n<div class=\"wp-block-column is-layout-flow wp-block-column-is-layout-flow\"><p>[btn color=&#8220;s3&#8243; label=&#8220;3. Semester&#8220; fontsize=&#8220;20px&#8220; link=&#8220;https:\/\/chelm.uni-saarland.de\/public\/zahnmedizin-2\/3-semester-zahnmedizin\/&#8220; ]<\/p>\n<\/div>\n\n\n\n<div class=\"wp-block-column is-layout-flow wp-block-column-is-layout-flow\"><p>[btn color=&#8220;s4&#8243; label=&#8220;4. Semester&#8220; fontsize=&#8220;20px&#8220; link=&#8220;https:\/\/chelm.uni-saarland.de\/public\/zahnmedizin-2\/4-semester-zahnmedizin\/&#8220; ]<\/p>\n<\/div>\n<\/div>\n<\/div>\n<\/div>\n<\/div>\n<\/div>\n\n\n<p>[btn color=&#8220;stex&#8220; label=&#8220;Staatsexamen Zahnmedizin&#8220; newtab=&#8220;true&#8220;   size=&#8220;superslim&#8220; fontsize=&#8220;20px&#8220; link=&#8220;https:\/\/chelm.uni-saarland.de\/public\/staatsexamen-zahnmedizin\/&#8220; ]<\/p>\n\n\n\n<hr class=\"wp-block-separator has-text-color has-ast-global-color-6-color has-css-opacity has-ast-global-color-6-background-color has-background is-style-wide\"\/>\n\n\n\n<div class=\"wp-block-columns is-layout-flex wp-container-core-columns-is-layout-28f84493 wp-block-columns-is-layout-flex\">\n<div class=\"wp-block-column is-layout-flow wp-block-column-is-layout-flow\"><p>[btn color=&#8220;klinik&#8220; label=&#8220;F\u00e4cher\u00fcbersicht Klinik&#8220; fontsize=&#8220;20px&#8220; link=&#8220;https:\/\/www.uniklinikum-saarland.de\/de\/lehre\/zahnmedizin\/klinischer_teil\/uebersicht_faecher\/uebersicht_faecher_ss_2022&#8243; ]<\/p>\n<\/div>\n\n\n\n<div class=\"wp-block-column is-layout-flow wp-block-column-is-layout-flow\"><p>[btn color=&#8220;klinik&#8220; label=&#8220;Stundepl\u00e4ne Klinik&#8220; fontsize=&#8220;20px&#8220; link=&#8220;https:\/\/www.uniklinikum-saarland.de\/de\/lehre\/zahnmedizin\/klinischer_teil\/stundenplan_1_klin_sem&#8220; ]<\/p>\n<\/div>\n\n\n\n<div class=\"wp-block-column is-layout-flow wp-block-column-is-layout-flow\"><p>[btn color=&#8220;klinik&#8220; label=&#8220;Klinik F\u00e4cher Wintersemester&#8220; fontsize=&#8220;20px&#8220; link=&#8220;https:\/\/www.uniklinikum-saarland.de\/de\/lehre\/zahnmedizin\/klinischer_teil\/uebersicht_faecher\/uebersicht_faecher_ws_202021&#8243; ]<\/p>\n<\/div>\n\n\n\n<div class=\"wp-block-column is-layout-flow wp-block-column-is-layout-flow\"><p>[btn color=&#8220;klinik&#8220; label=&#8220;Klinik F\u00e4cher Sommersemester&#8220; fontsize=&#8220;20px&#8220; link=&#8220;https:\/\/www.uniklinikum-saarland.de\/de\/lehre\/zahnmedizin\/klinischer_teil\/uebersicht_faecher\/uebersicht_faecher_ss_2022&#8243; ]<\/p>\n<\/div>\n<\/div>\n","protected":false},"excerpt":{"rendered":"<p>Disclaimer: Die CHELM-Seiten der Zahnmedizin sind noch nicht vollst\u00e4ndig und aktuell. Wir arbeiten dran! \ud83d\ude42 Als Tipp kann man sagen, in der Vorklinik haben Human- und Zahnmedizin die meisten F\u00e4cher zusammen, also schaut gerne mal bei der Vorklinik der Humanmediziner vorbei<\/p>\n","protected":false},"author":3,"featured_media":5348,"parent":0,"menu_order":0,"comment_status":"closed","ping_status":"closed","template":"","meta":{"site-sidebar-layout":"default","site-content-layout":"default","ast-global-header-display":"","ast-main-header-display":"","ast-hfb-above-header-display":"","ast-hfb-below-header-display":"","ast-hfb-mobile-header-display":"","site-post-title":"","ast-breadcrumbs-content":"","ast-featured-img":"","footer-sml-layout":"","theme-transparent-header-meta":"","adv-header-id-meta":"","stick-header-meta":"","header-above-stick-meta":"","header-main-stick-meta":"","header-below-stick-meta":"","footnotes":""},"class_list":["post-2354","page","type-page","status-publish","has-post-thumbnail","hentry"],"_links":{"self":[{"href":"https:\/\/chelm.uni-saarland.de\/public\/wp-json\/wp\/v2\/pages\/2354","targetHints":{"allow":["GET"]}}],"collection":[{"href":"https:\/\/chelm.uni-saarland.de\/public\/wp-json\/wp\/v2\/pages"}],"about":[{"href":"https:\/\/chelm.uni-saarland.de\/public\/wp-json\/wp\/v2\/types\/page"}],"author":[{"embeddable":true,"href":"https:\/\/chelm.uni-saarland.de\/public\/wp-json\/wp\/v2\/users\/3"}],"replies":[{"embeddable":true,"href":"https:\/\/chelm.uni-saarland.de\/public\/wp-json\/wp\/v2\/comments?post=2354"}],"version-history":[{"count":39,"href":"https:\/\/chelm.uni-saarland.de\/public\/wp-json\/wp\/v2\/pages\/2354\/revisions"}],"predecessor-version":[{"id":8699,"href":"https:\/\/chelm.uni-saarland.de\/public\/wp-json\/wp\/v2\/pages\/2354\/revisions\/8699"}],"wp:featuredmedia":[{"embeddable":true,"href":"https:\/\/chelm.uni-saarland.de\/public\/wp-json\/wp\/v2\/media\/5348"}],"wp:attachment":[{"href":"https:\/\/chelm.uni-saarland.de\/public\/wp-json\/wp\/v2\/media?parent=2354"}],"curies":[{"name":"wp","href":"https:\/\/api.w.org\/{rel}","templated":true}]}}