{"id":2193,"date":"2022-01-26T13:51:37","date_gmt":"2022-01-26T12:51:37","guid":{"rendered":"https:\/\/chelm.uni-saarland.de\/?page_id=2193"},"modified":"2023-09-26T19:13:42","modified_gmt":"2023-09-26T17:13:42","slug":"ansprechpartner","status":"publish","type":"page","link":"https:\/\/chelm.uni-saarland.de\/public\/ansprechpartner\/","title":{"rendered":"Ansprechpartner"},"content":{"rendered":"<p>[chelmag]\t\t<\/p>\n<style>\/*! elementor - v3.16.0 - 20-09-2023 *\/\n.elementor-column .elementor-spacer-inner{height:var(--spacer-size)}.e-con{--container-widget-width:100%}.e-con-inner>.elementor-widget-spacer,.e-con>.elementor-widget-spacer{width:var(--container-widget-width,var(--spacer-size));--align-self:var(--container-widget-align-self,initial);--flex-shrink:0}.e-con-inner>.elementor-widget-spacer>.elementor-widget-container,.e-con>.elementor-widget-spacer>.elementor-widget-container{height:100%;width:100%}.e-con-inner>.elementor-widget-spacer>.elementor-widget-container>.elementor-spacer,.e-con>.elementor-widget-spacer>.elementor-widget-container>.elementor-spacer{height:100%}.e-con-inner>.elementor-widget-spacer>.elementor-widget-container>.elementor-spacer>.elementor-spacer-inner,.e-con>.elementor-widget-spacer>.elementor-widget-container>.elementor-spacer>.elementor-spacer-inner{height:var(--container-widget-height,var(--spacer-size))}.e-con-inner>.elementor-widget-spacer.elementor-widget-empty,.e-con>.elementor-widget-spacer.elementor-widget-empty{position:relative;min-height:22px;min-width:22px}.e-con-inner>.elementor-widget-spacer.elementor-widget-empty .elementor-widget-empty-icon,.e-con>.elementor-widget-spacer.elementor-widget-empty .elementor-widget-empty-icon{position:absolute;top:0;bottom:0;left:0;right:0;margin:auto;padding:0;width:22px;height:22px}<\/style>\n<style>\/*! elementor - v3.16.0 - 20-09-2023 *\/\n.elementor-heading-title{padding:0;margin:0;line-height:1}.elementor-widget-heading .elementor-heading-title[class*=elementor-size-]>a{color:inherit;font-size:inherit;line-height:inherit}.elementor-widget-heading .elementor-heading-title.elementor-size-small{font-size:15px}.elementor-widget-heading .elementor-heading-title.elementor-size-medium{font-size:19px}.elementor-widget-heading .elementor-heading-title.elementor-size-large{font-size:29px}.elementor-widget-heading .elementor-heading-title.elementor-size-xl{font-size:39px}.elementor-widget-heading .elementor-heading-title.elementor-size-xxl{font-size:59px}<\/style>\n<h2>Allgemein<\/h2>\n<style>\/*! elementor - v3.16.0 - 20-09-2023 *\/\n.elementor-accordion{text-align:left}.elementor-accordion .elementor-accordion-item{border:1px solid #d5d8dc}.elementor-accordion .elementor-accordion-item+.elementor-accordion-item{border-top:none}.elementor-accordion .elementor-tab-title{margin:0;padding:15px 20px;font-weight:700;line-height:1;cursor:pointer;outline:none}.elementor-accordion .elementor-tab-title .elementor-accordion-icon{display:inline-block;width:1.5em}.elementor-accordion .elementor-tab-title .elementor-accordion-icon svg{width:1em;height:1em}.elementor-accordion .elementor-tab-title .elementor-accordion-icon.elementor-accordion-icon-right{float:right;text-align:right}.elementor-accordion .elementor-tab-title .elementor-accordion-icon.elementor-accordion-icon-left{float:left;text-align:left}.elementor-accordion .elementor-tab-title .elementor-accordion-icon .elementor-accordion-icon-closed{display:block}.elementor-accordion .elementor-tab-title .elementor-accordion-icon .elementor-accordion-icon-opened,.elementor-accordion .elementor-tab-title.elementor-active .elementor-accordion-icon-closed{display:none}.elementor-accordion .elementor-tab-title.elementor-active .elementor-accordion-icon-opened{display:block}.elementor-accordion .elementor-tab-content{display:none;padding:15px 20px;border-top:1px solid #d5d8dc}@media (max-width:767px){.elementor-accordion .elementor-tab-title{padding:12px 15px}.elementor-accordion .elementor-tab-title .elementor-accordion-icon{width:1.2em}.elementor-accordion .elementor-tab-content{padding:7px 15px}}.e-con-inner>.elementor-widget-accordion,.e-con>.elementor-widget-accordion{width:var(--container-widget-width);--flex-grow:var(--container-widget-flex-grow)}<\/style>\n<p>\t\t\t\t\t\t\t\t\t\t\t\t<a tabindex=\"0\">Studiendekanat Homburg<\/a><\/p>\n<p><strong><a>Univ.-Prof. Dr. S\u00f6ren Becker<\/a><br \/><\/strong>Studiendekan der Klinik<br \/><a>Email: <\/a><a href=\"mailto:soeren.becker@uks.eu\">soeren.becker@uks.eu<\/a><\/p>\n<p><strong><a>Univ.-Prof. Dr. Carola Meier<\/a><br \/><\/strong>Studiendekanin der Vorklinik<br \/><a href=\"mailto:carola.meier@uks.eu\">carola.meier@uks.eu<\/a><\/p>\n<p><strong><a>Univ.-Prof. Dr. Stefan Rupf<\/a><br \/><\/strong>Studiendekan der Zahnmedizin<br \/><a href=\"mailto:stefan.rupf@uks.eu\">stefan.rupf@uks.eu<\/a><\/p>\n<p><strong><a>Dr. Dominik Monz<br \/><\/a><\/strong>Referent f\u00fcr Studium &amp; Lehre<br \/><strong>Tel. 06841\/16-26072<\/strong><\/p>\n<p><strong><a>Stephanie Orlich<br \/><\/a><\/strong>Referentin f\u00fcr Studium &amp; Lehre<br \/><strong>Tel. 06841\/16-26001<\/strong><\/p>\n<p><strong><a>Lenka Gorfman<br \/><\/a><\/strong>Referentin f\u00fcr Studium &amp; Lehre<br \/><strong>Tel. 06841\/16-26041<\/strong><\/p>\n<p><strong><a>Nadine Thiel<br \/><\/a><\/strong>Referentin f\u00fcr Studium &amp; Lehre<br \/><strong>Tel. 06841\/16-26856<\/strong><\/p>\n<\/p>\n<p><strong>E-Mail:<\/strong> <br \/><strong><a href=\"mailto:studiendekanat@uks.eu\">Studiendekanat@uks.eu<\/a><\/strong><\/p>\n<p>B\u00fcrozeiten in der Regel Mo-Do (Vormittag)<\/p>\n<p><strong>Ort:<\/strong><br \/>Studiendekanat<br \/>der Medizinischen Fakult\u00e4t<br \/>Geb. 35<br \/>66421 Homburg<\/p>\n<p>\t\t\t\t\t\t\t\t\t\t\t\t<a tabindex=\"0\">Dekanat Homburg<\/a><\/p>\n<p><strong>Sekretariat:<\/strong><br \/>Tel:\u00a0 06841\/16-26000<br \/>Fax: 06841\/16-26003<br \/><a href=\"mailto:mfdekan@uks.eu\">mfdekan@uks.eu<\/a><\/p>\n<p><strong>\u00d6ffnungszeiten:<\/strong><br \/>Mo. &#8211; Fr. 9 bis 11 Uhr<\/p>\n<p><strong>Ort:<\/strong><br \/>Medizinische Fakult\u00e4t<br \/>der Universit\u00e4t des Saarlandes<br \/>Dekanat, Geb\u00e4ude 15<br \/>66421 Homburg<\/p>\n<p><strong>Promotionsb\u00fcro:<br \/><\/strong>Frau Schiestel-Stammwitz<br \/>Tel: 06841\/16-26002<br \/><a href=\"mailto:promotionsbuero@uks.eu\">promotionsbuero@uks.eu<\/a><a><br \/><\/a>Geb. 15 <br \/>Raum 1.04<br \/>Sprechzeiten: <br \/>Mo-Do: 8:00-12:00 Uhr<\/p>\n<p><strong>Habilitationsb\u00fcro:<br \/><\/strong>Frau Kr\u00e4mer<br \/>Tel: 06841\/16-26005<br \/>Fax: 06841 \/16-26324<br \/><a href=\"mailto:habilitation@uks.eu\">habilitation@uks.eu<\/a><br \/>Geb. 15<br \/>Raum 1.01<br \/>Sprechzeiten:<br \/>Mo &#8211; Do: \u00a008:00 &#8211; 16:00 Uhr<br \/>Fr: 08:00 &#8211; 14:00 Uhr<\/p>\n<p>\t\t\t\t\t\t\t\t\t\t\t\t<a tabindex=\"0\">Studierendensekretariat SB<\/a><\/p>\n<p><strong>Studierendensekretariat<\/strong><br \/>Campus Saarbr\u00fccken<br \/>Geb\u00e4ude A4 2<br \/>Tel.: 0681 302-5491<br \/><a href=\"mailto:studium@uni-saarland.de\">studium@uni-saarland.de<\/a><\/p>\n<p>\t\t\t\t\t\t\t\t\t\t\t\t<a tabindex=\"0\">Landespr\u00fcfungsamt<\/a><\/p>\n<p><strong>Telefon<\/strong>: 0681 \/ 9978 \u2013 4304<\/p>\n<p><strong>E-Mail<\/strong>: <a href=\"mailto:lpa-zentralstelle@las.saarland.de\">lpa-zentralstelle@las.saarland.de<\/a><\/p>\n<p><strong>E-Mail Hr. M\u00fcller: <\/strong><a href=\"mailto:d.mueller@las.saarland.de\">d.mueller@las.saarland.de<\/a><\/p>\n<p><strong>Telefonservicezeiten:<\/strong><\/p>\n<p><strong>Mo<\/strong>: 08:00 &#8211; 12:00 und 13:00 &#8211; 15:30 Uhr<\/p>\n<p><strong>Di + Mi<\/strong>: 08:00 &#8211; 12:00 Uhr<\/p>\n<p><strong>Do<\/strong>: 08:00 &#8211; 12:00 und 13:00 &#8211; 18:00 Uhr<\/p>\n<p><strong>Ort:<\/strong><\/p>\n<p><strong>Post:\u00a0<\/strong>Hochstr. 67, 66115 Saarbr\u00fccken<\/p>\n<p><strong>B\u00fcro:\u00a0<\/strong>Konrad-Zuse-Str. 7-9, 66115 Saarbr\u00fccken<\/p>\n<p>\u00a0<\/p>\n<h2>Vorklinik<\/h2>\n<p>\t\t\t\t\t\t\t\t\t\t\t\t<a tabindex=\"0\">Anatomie<\/a><br \/>\n\t\t\t\t\t<strong>Studierendensekretariat:<br \/><\/strong>Frau Julia Schuh<\/p>\n<p>Tel: 06841\/16-26125<\/p>\n<p>Frau Lisa Jung<br \/>Tel: 06841\/16-26101<br \/>Email: <a href=\"mailto:anatomie.sekretariat.krasteva-christ@uks.eu\" target=\"_blank\" rel=\"noopener\">anatomie.sekretariat.krasteva-christ@uks.eu<\/a><\/p>\n<p>Sprechzeiten:Mo, Mi, Do: 08:00 &#8211; 16:00 Uhr<br \/>Di, Fr: unbesetzt\u00a0\u00a0<strong>Ort:<br \/><\/strong>Medizinische Fakult\u00e4t der\u00a0<br \/>Universit\u00e4t des Saarlandes<br \/>FR 2.1 Anatomie und Zellbiologie<br \/>Geb. 61<br \/>66421 Homburg\/ Saar<br \/>\n\t\t\t\t\t\t\t\t\t\t\t\t<a tabindex=\"0\">Biochemie<\/a><\/p>\n<p><strong>Studierendensekretariat:<br \/><\/strong>Dagmar Zimmermeier und Eva Bonnert<strong><br \/><\/strong>Tel: 06841 16 26517<br \/><a href=\"mailto:dagmar.zimmermeier@uks.eu\">dagmar.zimmermeier@uks.eu<\/a><br \/><a href=\"mailto:eva.bonnert@uks.eu\">eva.bonnert@uks.eu<\/a><\/p>\n<p>Sprechzeiten:<br \/>Mo-Fr: 09:00 &#8211; 12:00 Uhr<\/p>\n<p><strong>Ort:<br \/><\/strong>Medizinische Biochemie und Molekularbiologie,<br \/>Universit\u00e4t des Saarlandes,<br \/>Campus Homburg, Geb. 45<br \/>66421 Homburg<\/p>\n<p>\t\t\t\t\t\t\t\t\t\t\t\t<a tabindex=\"0\">Biologie<\/a><\/p>\n<p><b>Sekretariat Prof. Lipp: <\/b><br \/>Karin Schumacher<br \/>Tel: 06841 16-26103<br \/>E-mail: <a href=\"mailto:molzellbio@uks.de\" target=\"_blank\" rel=\"noreferrer noopener\">molzellbio@uks.de<\/a><\/p>\n<p>\t\t\t\t\t\t\t\t\t\t\t\t<a tabindex=\"0\">Chemie<\/a><\/p>\n<p><b>Lehrbeauftragter:<br \/><\/b>Andreas Speicher<br \/><a href=\"mailto:anspeich@mx.uni-saarland.de\">anspeich@mx.uni-saarland.de<\/a><\/p>\n<p><strong>Sprechstunden w\u00e4hrend des Praktikums:<\/strong><br \/>Di-Do: 12-12:30, 14.30-17:00 Uhr<br \/>Geb. 45, Praktikumssaal<\/p>\n<p><strong>au\u00dferhalb der Praktikumszeiten:<\/strong><br \/>Termine nach Vereinbarung<br \/>FR 8.1 &#8211; Organische Chemie <br \/>Gb. C 4 2, Raum 4.05<br \/>Campus Saarbr\u00fccken<br \/>Telefon 0681\/302-2749<br \/>Fax 0681\/302-2029<\/p>\n<p>\t\t\t\t\t\t\t\t\t\t\t\t<a tabindex=\"0\">Physik<\/a><\/p>\n<p><strong>Allgemeine Organisation und Vertr\u00e4ge Tutorium:<br \/><\/strong>Regine Kaleja<br \/>Tel: 06841\/16-16300<br \/>E-Mail: <a href=\"mailto:r.kaleja@mx.uni-saarland.de\" target=\"_blank\" rel=\"noopener\">regine.kaleja @uks.eu<\/a><\/p>\n<p><strong>Tutorium:<br \/><\/strong>Prof. Dr. Markus Hoth<br \/>E-Mail: <a href=\"mailto:markus.hoth @uks.eu\" target=\"_blank\" rel=\"noopener\">markus.hoth @uks.eu<\/a><\/p>\n<p><a href=\"mailto:lehre.biophysik-hom@uni-saarland.de\" target=\"_blank\" rel=\"noopener\">lehre.biophysik-hom @uni-saarland.de<\/a><\/p>\n<p>\t\t\t\t\t\t\t\t\t\t\t\t<a tabindex=\"0\">Physiologie<\/a><\/p>\n<p><strong>Studierendensekretariat:<br \/><\/strong>Christel Andres<br \/>Tel: 06841 &#8211; 16\/16233<br \/>E-Mail: <a href=\"mailto:christel.andres @uks.eu\" target=\"_blank\" rel=\"noopener\">christel.andres @uks.eu<\/a><\/p>\n<p><strong>Ort:<\/strong><br \/>Universit\u00e4t des Saarlandes<br \/>Medizinische Fakult\u00e4t<br \/>Studierendensekretariat Physiologie<br \/>CIPMM | Geb\u00e4ude 48<br \/>Erdgeschoss Raum 00.01.01 CIPMM | <br \/>D-66421 Homburg<\/p>\n<p>\u00a0<\/p>\n<p>\t\t\t\t\t\t\t\t\t\t\t\t<a tabindex=\"0\">Psychologie \/ Soziologie<\/a><\/p>\n<p><strong>Studierendensekretariat:<br \/><\/strong>Frau A. Kl\u00f6wer<br \/>Tel.: 06841-16-23997<br \/>Fax: 06841-16-24270<br \/>E-Mail:\u00a0<a href=\"mailto:sekretariat.psychosomatik@uks.eu\">sekretariat.psychosomatik@uks.eu<\/a><\/p>\n<p>Sprechzeiten:<strong><br \/><\/strong>Mo-Do: 08:00-12:30 Uhr<\/p>\n<p><strong>Ort:<\/strong><br \/>Universit\u00e4t des Saarlandes<br \/>Medizinische Fakult\u00e4t<br \/>Studierendensekretariat <br \/>Medizinische Psychologie<br \/>Geb. 90, EG R0.07A<\/p>\n<h2>Klinik<\/h2>\n<p>\t\t\t\t\t\t\t\t\t\t\t\t<a tabindex=\"0\">Allgemeinchirurgie<\/a><\/p>\n<p><strong>Studierendensekretariat:<br \/><\/strong>Frau Renate Seitle<br \/>Tel: 06841\/16-31011<br \/>E-Mail: <a href=\"mailto:renate.seitle@uks.eu\" target=\"_blank\" rel=\"noopener\">renate.seitle@uks.eu<\/a><\/p>\n<p>\t\t\t\t\t\t\t\t\t\t\t\t<a tabindex=\"0\">Allgemeinmedizin<\/a><\/p>\n<p><strong>Studierendensekretariat:<br \/><\/strong>Eunike B\u00e4r<br \/>Tel: 06841-16-26800<br \/>Fax: 06841-16-26810<br \/>E-Mail: <a href=\"mailto:eunike.baer@uks.eu\">eunike.baer@uks.eu<\/a><br \/>E-Mail: <a href=\"mailto:zfam@uks.eu\">zfam@uks.eu<\/a><\/p>\n<p>Sprechzeiten:<br \/>Mi. 9-14 Uhr , Fr. 9-14 Uhr<\/p>\n<p><strong>Ort:<br \/><\/strong>Universit\u00e4tsklinikum des Saarlandes,<strong><br \/><\/strong>Zentrum f\u00fcr Allgemeinmedizin,<br \/>Geb. 80.2<\/p>\n<p>\t\t\t\t\t\t\t\t\t\t\t\t<a tabindex=\"0\">An\u00e4sthesiologie<\/a><\/p>\n<p><strong>Studierendensekretariat:<br \/><\/strong>Kerstin Rupp<br \/>Tel: \u00a006841-16-33208<br \/>Fax: 06841-16-33210<br \/>E-Mail: <a href=\"mailto:kerstin.rupp@uks.eu\">kerstin.rupp@uks.eu<\/a><\/p>\n<p><strong>Ort:<br \/><\/strong>Geb. 56, 1.OG links, Zi. 1.24<br \/>Simulatorzentrum <br \/>\u00d6ffnungszeiten:<br \/>Mo.-Fr.: 08.00-12.00 Uhr<\/p>\n<p>\t\t\t\t\t\t\t\t\t\t\t\t<a tabindex=\"0\">Augenheilkunde<\/a><\/p>\n<p><strong>Studierendensekretariat:<\/strong><br \/>Lena Kunz<br \/><a href=\"mailto:lena.kunz@uks.eu\">lena.kunz@uks.eu<\/a><br \/>Tel: 06841 16-22387<\/p>\n<p><strong>Ort:<br \/><\/strong>Universit\u00e4tsklinikum des Saarlandes \u00a0<\/p>\n<p><b><\/b><strong>Klinik f\u00fcr Augenheilkunde<\/strong><br \/>Kirrberger Stra\u00dfe 100<br \/>Geb\u00e4ude 22<br \/>66424 Homburg\/Saar<\/p>\n<p>\t\t\t\t\t\t\t\t\t\t\t\t<a tabindex=\"0\">Dermatologie<\/a><\/p>\n<p><strong>Lehrbeauftragte:<\/strong><br \/>Lisa Will<br \/>E-Mail: <a href=\"mailto:lisa.will@uks.eu\" target=\"_blank\" rel=\"noopener\">lisa.will@uks.eu<\/a><\/p>\n<p><strong>Studierendensekretariat:<br \/><\/strong>Gabriele Blankenmayer<strong><br \/><\/strong>Tel: 06841\/16-23801<br \/>Fax: 06841\/17-23845<br \/><a>E-Mail: <\/a><a href=\"mailto:gabriele.blankenmayer@uks.eu\">gabriele.blankenmayer@uks.eu<\/a><\/p>\n<p><strong>\u00d6ffnungszeiten:<br \/><\/strong>Mo, Di, Do: 10:00-12:00 Uhr<br \/>Mi + Fr: geschlossen<\/p>\n<p><strong>Ort:<br \/><\/strong>Universit\u00e4tsklinikum des Saarlandes<br \/>Geb. 6, 12. OG, Zi. 1202<\/p>\n<p>\t\t\t\t\t\t\t\t\t\t\t\t<a tabindex=\"0\">Gyn\u00e4kologie<\/a><\/p>\n<p><strong>Studierendensekretariat:<br \/><\/strong>Frau Bra\u00df<br \/>E-Mail:\u00a0<a href=\"mailto:kerstin.brass@uks.eu\">kerstin.brass@uks.eu<\/a><\/p>\n<p><a style=\"font-style: inherit; font-weight: inherit; background-color: #ffffff;\">Tel: 06841 &#8211; 16 &#8211; 28125<\/a><\/p>\n<p>\u00d6ffnungszeiten<strong><br \/><\/strong>Mo: 12.00 &#8211; 13.00 Uhr<br \/>Di: 9.00 &#8211; 12.00 Uhr<br \/>Do: 9.00 &#8211; 12.00 Uhr<\/p>\n<p><strong>Ort:<br \/><\/strong>Universit\u00e4tsklinikum des Saarlandes<br \/>Geb. 9, 2. OG, Zimmer 2.63\u00a0<\/p>\n<p>\t\t\t\t\t\t\t\t\t\t\t\t<a tabindex=\"0\">Herzchirurgie<\/a><\/p>\n<p><b>Sekretariat Prof. Sch\u00e4fers:<\/b><br \/>Tel: 06841\/16-32000<\/p>\n<p>\t\t\t\t\t\t\t\t\t\t\t\t<a tabindex=\"0\">HNO<\/a><\/p>\n<p><strong>Studierendensekretariat:<br \/><\/strong><\/p>\n<p>Christiane Palisse<br \/>Tel. 06841\/16-22915<br \/>Fax: 06841\/16-23487<br \/>E-Mail:<br \/><a href=\"mailto:hno.studentensekretariat@uks.eu\">hno.studentensekretariat@uks.eu<\/a><\/p>\n<p>\u00d6ffnungszeiten:<br \/>Mo-Fr: 07:30-11:30 Uhr<\/p>\n<p><strong>Ort<\/strong>:<br \/>Universit\u00e4tsklinikum des Saarlandes<br \/>Klinik und Poliklinik f\u00fcr Hals-Nasen-Ohrenheilkunde<br \/>Geb. 6, 1.OG, Zi. 160<\/p>\n<p>\t\t\t\t\t\t\t\t\t\t\t\t<a tabindex=\"0\">Humangenetik<\/a><\/p>\n<p><strong>Sekratariat Prof. Henn:<br \/><\/strong>Jutta Sefrin<br \/>Tel: 06841\/16-26605<br \/>Fax: 06841\/16-26600<br \/><a href=\"mailto:jutta.sefrin@uks.eu\">jutta.sefrin@uks.eu<\/a><\/p>\n<p>\u00a0<\/p>\n<p><strong>Ort:<br \/><\/strong>Universit\u00e4tsklinikum des Saarlandes<br \/>Geb. 68<\/p>\n<p>\t\t\t\t\t\t\t\t\t\t\t\t<a tabindex=\"0\">Hygiene, Mikrobiologie, Virologie<\/a><\/p>\n<p><strong>Studierendensekretariat:<br \/><\/strong>Mahler, Silke<br \/>Tel: 06841\/ 16 &#8211; 23900<br \/>Fax:\u00a0068 41\/ 16 &#8211; 23985<br \/>E-Mail:\u00a0<a href=\"mailto:mikrobiologie.lehre@uks.eu\">mikrobiologie.lehre@uks.eu<\/a><\/p>\n<p><strong>Studierendensekretariat Virologie:<\/strong><br \/>Rosert, Inga<br \/>Tel.: 06841\/ 13970<br \/><a href=\"mailto:inga.rosert@uni-saarland.de\">inga.rosert@uni-saarland.de<\/a><\/p>\n<p><strong>Ort:<br \/><\/strong>Universit\u00e4tsklinikum des Saarlandes<br \/>Institut f\u00fcr Medizinische Mikrobiologie und Hygiene<br \/>Institute f\u00fcr Infektionsmedizin<br \/>Geb. 43<\/p>\n<p>\t\t\t\t\t\t\t\t\t\t\t\t<a tabindex=\"0\">Innere<\/a><\/p>\n<p><strong>Studierendensekretariat:<br \/><\/strong>Sabine Eder<strong><br \/><\/strong>Tel: 06841\/16-15844<br \/>E-Mail: <a href=\"mailto:sabine.eder@uks.eu\">sabine.eder@uks.eu<\/a><a><br \/><\/a><\/p>\n<p>Jacqueline Ranalli<br \/>Tel: 06841\/16-15845<br \/>E-Mail: <a href=\"mailto:jacqueline.ranalli@uks.eu\">jacqueline.ranalli@uks.eu<\/a><a><br \/><\/a><br \/><strong>Ort:<br \/><\/strong>Universit\u00e4tsklinikum des Saarlandes,<br \/>IMED<br \/>Geb.41 &#8211; Raum E00.108<\/p>\n<p>\t\t\t\t\t\t\t\t\t\t\t\t<a tabindex=\"0\">Neurologie<\/a><\/p>\n<p><strong>Kontaktpersonen:<br \/><\/strong>Fr. Johann<br \/>E-Mail<strong>:<\/strong> <a href=\"mailto:Michaela.Johann@uks.eu\">Michaela.Johann@uks.eu<\/a><\/p>\n<p>Dr. Ragoschke-Schumm<br \/>E-Mail:\u00a0<a href=\"mailto:Andreas.Ragoschke@uks.eu\">Andreas.Ragoschke@uks.eu<\/a><\/p>\n<p>Dr. Fousse<strong><br \/><\/strong>E-Mail: <a href=\"mailto:Mathias.Fousse@uks.eu\">Mathias.Fousse@uks.eu<\/a><\/p>\n<p><strong>Ort:<br \/><\/strong>Universit\u00e4tsklinikum des Saarlandes<br \/>Geb. 90<\/p>\n<p>\t\t\t\t\t\t\t\t\t\t\t\t<a tabindex=\"0\">Neuroradiologie<\/a><br \/>\n\t\t\t\t\t<strong>Lehrbeauftragter:&nbsp;<\/strong><br \/>\nPD Dr. Umut Yilmaz<br \/>\nLeitender Oberarzt<br \/>\n<a href=\"mailto:umut.yilmaz@uks.eu\" target=\"_blank\" rel=\"noopener noreferrer\" data-stringify-link=\"mailto:umut.yilmaz@uks.eu\" data-sk=\"tooltip_parent\" aria-haspopup=\"menu\" aria-expanded=\"false\">umut.yilmaz@uks.eu<\/a><br \/>\n<strong>Ort:<br \/><\/strong>Universit\u00e4tsklinikum des Saarlandes,&nbsp; Geb\u00e4ude 90<br \/>\n\t\t\t\t\t\t\t\t\t\t\t\t<a tabindex=\"0\">Orthop\u00e4die<\/a><\/p>\n<p><strong>Studierendensekretariat:<br \/><\/strong>Patricia Schwarz<strong><br \/><\/strong>Tel. 06841\/16-24502<br \/>Fax. 06841\/16-24589<br \/>E-Mail:\u00a0<a href=\"mailto:patricia.schwarz@uks.eu\">patricia.schwarz@uks.eu<\/a><\/p>\n<p>\u00d6ffnungszeiten:<br \/>Mo, Di, Do:\u00a0 07:30 &#8211; 11:00 Uhr<br \/>Mi: 07:00 &#8211; 14:30 Uhr<br \/>Fr: geschlossen<\/p>\n<p><strong>Ort:<br \/><\/strong>Universit\u00e4tsklinikum des Saarlandes,<br \/>Klinik f\u00fcr Orthop\u00e4die und Orthop\u00e4dische Chirurgie,\u00a0Geb. 37-38<\/p>\n<p>\u00a0<\/p>\n<p>\t\t\t\t\t\t\t\t\t\t\t\t<a tabindex=\"0\">Pathologie<\/a><\/p>\n<p><strong>Kommissarischer Lehrbeauftragter:<br \/><\/strong>PD Wagner<br \/>Tel: 06841\/16-23864<br \/>E-Mail: <a href=\"mailto:mathias.wagner@uks.eu\" target=\"_blank\" rel=\"noopener\">mathias.wagner@uks.eu<\/a><\/p>\n<p><strong>Studierendensekretariat:<br \/><\/strong>Frau D. Hertlein<br \/>Tel:\u00a006841\/16-23853<br \/>E-Mail: <a href=\"mailto:daniela.hertlein@uks.eu\">daniela.hertlein@uks.eu<\/a><\/p>\n<p>Frau Dr. E. Ebert<br \/>Tel: 06841\/16-13861<\/p>\n<p><strong>Ort:<br \/><\/strong>Universit\u00e4tsklinikum des Saarlandes,<br \/>Institut f\u00fcr Allgemeine und Spezielle Pathologie,<br \/>Geb. 49.1<br \/>EG, Zimmer 00.064<\/p>\n<p>\t\t\t\t\t\t\t\t\t\t\t\t<a tabindex=\"0\">Pharmakologie<\/a><\/p>\n<p><strong>Ansprechpartner:<br \/><\/strong>Univ.-Prof. Dr. A. Cavali\u00e9<br \/>PD Dr. S. Philipp<br \/>PD Dr. U. Wissenbach<\/p>\n<p><strong>Kontakt:<br \/><\/strong>Tel: 06841\/16-26423<br \/>E-Mail: <a href=\"mailto:lehre.pharmakologie@uks.eu\">lehre.pharmakologie@uks.eu<\/a><\/p>\n<p><strong>Sprechzeiten:<\/strong><br \/>Di. 10-11 Uhr (mit Termin)<strong><br \/><\/strong><strong>\u00a0<\/strong><strong>Anschrift:<\/strong><\/p>\n<p>Universit\u00e4tsklinikum des Saarlandes,<br \/>Experimentelle und Klinische Pharmakologie und Toxikologie,<br \/>Geb. 46<\/p>\n<p>\t\t\t\t\t\t\t\t\t\t\t\t<a tabindex=\"0\">P\u00e4diatrie<\/a><\/p>\n<p><strong>Studierendensekretariat:<br \/><\/strong>Nadine Simon<br \/>E-Mail: <a href=\"mailto:studsekpaed@uks.eu\" target=\"_blank\" rel=\"noopener\">studsekpaed@uks.eu<br \/><\/a>Geb. 9 Raum E.120<\/p>\n<p><b>B\u00fcrozeiten:<\/b><br \/>Mo: 09 &#8211; 12 Uhr<br \/>Do: 09 &#8211; 13 Uhr<\/p>\n<p>\t\t\t\t\t\t\t\t\t\t\t\t<a tabindex=\"0\">Psychiatrie + Psychosomatik<\/a><\/p>\n<p><strong>Studierendensekretariat:<br \/><\/strong>Frau A. Kl\u00f6wer<br \/>Tel.: 06841-16-23997<br \/>Fax: 06841-16-24270<br \/>E-Mail:\u00a0<a href=\"mailto:sekretariat.psychosomatik@uks.eu\">sekretariat.psychosomatik@uks.eu<\/a><\/p>\n<p>Sprechzeiten:<strong><br \/><\/strong>Mo-Do: 08:00-12:30 Uhr<\/p>\n<p><strong>Ort:<\/strong><br \/>Universit\u00e4t des Saarlandes<br \/>Medizinische Fakult\u00e4t<br \/>Studierendensekretariat <br \/>Medizinische Psychologie<br \/>Geb. 90, EG R0.07A<\/p>\n<p>\t\t\t\t\t\t\t\t\t\t\t\t<a tabindex=\"0\">Radiologie<\/a><\/p>\n<p><strong>Studierendensekretariat:<\/strong><br \/>Prof. Dr. med. Arno B\u00fccker<br \/>Tel.: 06841\/16-24601<br \/>Fax: 06841\/16-24696<br \/><a>E-Mail: <\/a><a href=\"mailto:radiologie-sekretariat@uks.eu\">radiologie-sekretariat@uks.eu<\/a><a><br \/><\/a><\/p>\n<p><strong>Fragen zu PJ und Famulatur:<br \/><\/strong>Tanja Wagner<br \/>Tel: 06841\/24899<strong><br \/><\/strong><\/p>\n<p><strong>Ort:<\/strong><br \/>Universit\u00e4tsklinikum des Saarlandes, Kernspin Geb. 50.1, 1. OG<\/p>\n<p>\u00a0\u00a0<br \/>\n\t\t\t\t\t\t\t\t\t\t\t\t<a tabindex=\"0\">Rechtsmedizin<\/a><\/p>\n<p><strong>Chefsekretariat:<\/strong><br \/>Silke Best<br \/>Tel: 06841 \/ 16-26300<br \/>E-Mail: <a href=\"mailto:silke.best@uks.eu\">silke.best@uks.eu<\/a><\/p>\n<p><strong>Ort:<\/strong><br \/>Universit\u00e4tsklinikum des Saarlandes, Geb\u00e4ude 49.1\u00a0<\/p>\n<p>\t\t\t\t\t\t\t\t\t\t\t\t<a tabindex=\"0\"> Strahlentherapie und Radioonkologie<\/a><\/p>\n<p><strong>Univ. Prof. Dr. med. M. Hecht<\/strong><\/p>\n<p><b>Lehrbeauftragter<\/b><strong>:<br \/><\/strong>Patrick Melchior<br \/><a href=\"mailto:Lehre.radonk@uks.eu\">Lehre.radonk@uks.eu<\/a><\/p>\n<p><b>Studiensekretariat<\/b><strong>:<br \/><\/strong>Tel: 06841\/16-24874<\/p>\n<p><strong>Famulatur + Praktisches Jahr:<br \/><\/strong>Tel.: 06841\/16-24899<\/p>\n<p><strong>Ort:<\/strong><br \/>Universit\u00e4tsklinikum des Saarlandes, Geb\u00e4ude 6.5<\/p>\n<p>\t\t\t\t\t\t\t\t\t\t\t\t<a tabindex=\"0\">Unfallchirurgie<\/a><\/p>\n<p><strong>Studierendensekretariat:<br \/><\/strong>Frau Stefani Lenhart<strong><br \/><\/strong>Tel: 06841-16 31506<br \/>E-Mail:\u00a0<a href=\"mailto:stefani.lenhart@uks.eu\">stefani.lenhart@uks.eu<\/a><\/p>\n<p><strong>Ort:<br \/><\/strong>Universit\u00e4tsklinikum des Saarlandes<br \/>Geb\u00e4ude 57<br \/>Kirrberger Stra\u00dfe 100<br \/>D-66421 Homburg<\/p>\n<p>\t\t\t\t\t\t\t\t\t\t\t\t<a tabindex=\"0\">Urologie<\/a><br \/>\n\t\t\t\t\t<strong>Studierendensekretariat:<\/strong>Manuela ZimmerTel: 06841 &#8211; 16 &#8211; 24869Fax: 06841 &#8211; 16 &#8211; 24776<\/p>\n<p><a href=\"mailto:manuela.zimmer@uks.eu\">manuela.zimmer@uks.eu<\/a><\/p>\n<p>\u00a0<\/p>\n<p><strong>Ort:<\/strong><br \/>Universit\u00e4tsklinikum des Saarlandes,<br \/>Klinik f\u00fcr Urologie<br \/>Geb. 6<\/p>\n<p>\t\t\t\t\t\t\t\t\t\t\t\t<a tabindex=\"0\">Virologie<\/a><\/p>\n<p>Frau Bender-Omlor &amp; Frau Hemmer:<br \/>Tel: 06841\/16-23931<br \/>Fax: 06841\/16-23980<\/p>\n","protected":false},"excerpt":{"rendered":"<p>[chelmag] Allgemein Studiendekanat Homburg Univ.-Prof. Dr. S\u00f6ren BeckerStudiendekan der KlinikEmail: soeren.becker@uks.eu Univ.-Prof. Dr. Carola MeierStudiendekanin der Vorklinikcarola.meier@uks.eu Univ.-Prof. Dr. Stefan RupfStudiendekan der Zahnmedizinstefan.rupf@uks.eu Dr. Dominik MonzReferent f\u00fcr Studium &amp; LehreTel. 06841\/16-26072 Stephanie OrlichReferentin f\u00fcr Studium &amp; LehreTel. 06841\/16-26001 Lenka GorfmanReferentin f\u00fcr Studium &amp; LehreTel. 06841\/16-26041 Nadine ThielReferentin f\u00fcr Studium &amp; LehreTel. 06841\/16-26856 E-Mail: Studiendekanat@uks.eu B\u00fcrozeiten &hellip;<\/p>\n<p class=\"read-more\"> <a class=\"\" href=\"https:\/\/chelm.uni-saarland.de\/public\/ansprechpartner\/\"> <span class=\"screen-reader-text\">Ansprechpartner<\/span> Weiterlesen &raquo;<\/a><\/p>\n","protected":false},"author":3,"featured_media":5348,"parent":0,"menu_order":0,"comment_status":"closed","ping_status":"closed","template":"","meta":{"site-sidebar-layout":"no-sidebar","site-content-layout":"page-builder","ast-global-header-display":"","ast-main-header-display":"","ast-hfb-above-header-display":"","ast-hfb-below-header-display":"","ast-hfb-mobile-header-display":"","site-post-title":"disabled","ast-breadcrumbs-content":"","ast-featured-img":"disabled","footer-sml-layout":"","theme-transparent-header-meta":"","adv-header-id-meta":"","stick-header-meta":"","header-above-stick-meta":"","header-main-stick-meta":"","header-below-stick-meta":"","footnotes":""},"class_list":["post-2193","page","type-page","status-publish","has-post-thumbnail","hentry"],"_links":{"self":[{"href":"https:\/\/chelm.uni-saarland.de\/public\/wp-json\/wp\/v2\/pages\/2193","targetHints":{"allow":["GET"]}}],"collection":[{"href":"https:\/\/chelm.uni-saarland.de\/public\/wp-json\/wp\/v2\/pages"}],"about":[{"href":"https:\/\/chelm.uni-saarland.de\/public\/wp-json\/wp\/v2\/types\/page"}],"author":[{"embeddable":true,"href":"https:\/\/chelm.uni-saarland.de\/public\/wp-json\/wp\/v2\/users\/3"}],"replies":[{"embeddable":true,"href":"https:\/\/chelm.uni-saarland.de\/public\/wp-json\/wp\/v2\/comments?post=2193"}],"version-history":[{"count":226,"href":"https:\/\/chelm.uni-saarland.de\/public\/wp-json\/wp\/v2\/pages\/2193\/revisions"}],"predecessor-version":[{"id":8347,"href":"https:\/\/chelm.uni-saarland.de\/public\/wp-json\/wp\/v2\/pages\/2193\/revisions\/8347"}],"wp:featuredmedia":[{"embeddable":true,"href":"https:\/\/chelm.uni-saarland.de\/public\/wp-json\/wp\/v2\/media\/5348"}],"wp:attachment":[{"href":"https:\/\/chelm.uni-saarland.de\/public\/wp-json\/wp\/v2\/media?parent=2193"}],"curies":[{"name":"wp","href":"https:\/\/api.w.org\/{rel}","templated":true}]}}