{"id":1873,"date":"2022-01-11T14:06:54","date_gmt":"2022-01-11T13:06:54","guid":{"rendered":"https:\/\/chelm.uni-saarland.de\/?page_id=1873"},"modified":"2023-07-18T15:30:57","modified_gmt":"2023-07-18T13:30:57","slug":"impressum","status":"publish","type":"page","link":"https:\/\/chelm.uni-saarland.de\/public\/impressum\/","title":{"rendered":"Impressum"},"content":{"rendered":"\n<p>Anbieter dieses Internetangebots ist die Universit\u00e4t des Saarlandes, eine K\u00f6rperschaft des \u00d6ffentlichen Rechts, vertreten durch den Universit\u00e4tspr\u00e4sidenten Prof. Dr. Manfred Schmitt. Aufsichtsbeh\u00f6rde: Staatskanzlei des Saarlandes.<\/p>\n\n\n\n<h4 class=\"wp-block-heading\">Anschrift<\/h4>\n\n\n\n<p>Universit\u00e4t des Saarlandes<br>Campus<br>66123 Saarbr\u00fccken<\/p>\n\n\n\n<p>Telefon: +49 681 302-0<br>Telefax: +49 681 302-2500<br>E-Mail:&nbsp;<a>info(at)uni-saarland.d<\/a>e<\/p>\n\n\n\n<p><a href=\"https:\/\/www.uni-saarland.de\/impressum\/haftungsausschluss.html\" target=\"_blank\" rel=\"noreferrer noopener\">Haftungsausschluss<\/a><\/p>\n\n\n\n<p>Umsatzsteueridentifikationsnummer: DE138117521<br>EORI-Nummer: DE4305841<\/p>\n\n\n\n<p>Soweit dieser Server journalistisch-redaktionell gestaltete Angebote enth\u00e4lt, in denen vollst\u00e4ndig oder teilweise Inhalte periodischer Druckerzeugnisse in Text oder Bild wiedergegeben oder in periodischer Folge Texte verbreitet werden, ist verantwortlich i.S.v. \u00a7&nbsp;18 Abs.&nbsp;2 MStV: Der Pr\u00e4sident der Universit\u00e4t des Saarlandes, Campus, 66123 Saarbr\u00fccken.<\/p>\n\n\n\n<p>Die \u00dcbersetzungen der Webseiten sind ein Serviceangebot und dienen dem besseren Verst\u00e4ndnis. Im Falle von Abweichungen zwischen der \u00dcbersetzung und der deutschen Originalfassung hat die deutsche Seite Vorrang.<\/p>\n","protected":false},"excerpt":{"rendered":"<p>Anbieter dieses Internetangebots ist die Universit\u00e4t des Saarlandes, eine K\u00f6rperschaft des \u00d6ffentlichen Rechts, vertreten durch den Universit\u00e4tspr\u00e4sidenten Prof. Dr. Manfred Schmitt. Aufsichtsbeh\u00f6rde: Staatskanzlei des Saarlandes. Anschrift Universit\u00e4t des SaarlandesCampus66123 Saarbr\u00fccken Telefon: +49 681 302-0Telefax: +49 681 302-2500E-Mail:&nbsp;info(at)uni-saarland.de Haftungsausschluss Umsatzsteueridentifikationsnummer: DE138117521EORI-Nummer: DE4305841 Soweit dieser Server journalistisch-redaktionell gestaltete Angebote enth\u00e4lt, in denen vollst\u00e4ndig oder teilweise Inhalte periodischer &hellip;<\/p>\n<p class=\"read-more\"> <a class=\"\" href=\"https:\/\/chelm.uni-saarland.de\/public\/impressum\/\"> <span class=\"screen-reader-text\">Impressum<\/span> Weiterlesen &raquo;<\/a><\/p>\n","protected":false},"author":3,"featured_media":5348,"parent":0,"menu_order":0,"comment_status":"closed","ping_status":"closed","template":"","meta":{"site-sidebar-layout":"default","site-content-layout":"default","ast-global-header-display":"","ast-main-header-display":"","ast-hfb-above-header-display":"","ast-hfb-below-header-display":"","ast-hfb-mobile-header-display":"","site-post-title":"","ast-breadcrumbs-content":"","ast-featured-img":"","footer-sml-layout":"","theme-transparent-header-meta":"","adv-header-id-meta":"","stick-header-meta":"","header-above-stick-meta":"","header-main-stick-meta":"","header-below-stick-meta":"","footnotes":""},"class_list":["post-1873","page","type-page","status-publish","has-post-thumbnail","hentry"],"_links":{"self":[{"href":"https:\/\/chelm.uni-saarland.de\/public\/wp-json\/wp\/v2\/pages\/1873","targetHints":{"allow":["GET"]}}],"collection":[{"href":"https:\/\/chelm.uni-saarland.de\/public\/wp-json\/wp\/v2\/pages"}],"about":[{"href":"https:\/\/chelm.uni-saarland.de\/public\/wp-json\/wp\/v2\/types\/page"}],"author":[{"embeddable":true,"href":"https:\/\/chelm.uni-saarland.de\/public\/wp-json\/wp\/v2\/users\/3"}],"replies":[{"embeddable":true,"href":"https:\/\/chelm.uni-saarland.de\/public\/wp-json\/wp\/v2\/comments?post=1873"}],"version-history":[{"count":3,"href":"https:\/\/chelm.uni-saarland.de\/public\/wp-json\/wp\/v2\/pages\/1873\/revisions"}],"predecessor-version":[{"id":7465,"href":"https:\/\/chelm.uni-saarland.de\/public\/wp-json\/wp\/v2\/pages\/1873\/revisions\/7465"}],"wp:featuredmedia":[{"embeddable":true,"href":"https:\/\/chelm.uni-saarland.de\/public\/wp-json\/wp\/v2\/media\/5348"}],"wp:attachment":[{"href":"https:\/\/chelm.uni-saarland.de\/public\/wp-json\/wp\/v2\/media?parent=1873"}],"curies":[{"name":"wp","href":"https:\/\/api.w.org\/{rel}","templated":true}]}}